{"id":2533,"date":"2018-09-10T12:36:04","date_gmt":"2018-09-10T10:36:04","guid":{"rendered":"https:\/\/msholz.de\/?page_id=2533"},"modified":"2018-09-12T13:13:52","modified_gmt":"2018-09-12T11:13:52","slug":"scantlings-treated","status":"publish","type":"page","link":"https:\/\/msholz.de\/en\/sawn-timber\/timber-for-pallet-and-packing\/scantlings-treated\/","title":{"rendered":"Scantlings treated"},"content":{"rendered":"<p><div class=\"fusion-fullwidth fullwidth-box fusion-builder-row-1 nonhundred-percent-fullwidth non-hundred-percent-height-scrolling\" style=\"--awb-border-radius-top-left:0px;--awb-border-radius-top-right:0px;--awb-border-radius-bottom-right:0px;--awb-border-radius-bottom-left:0px;--awb-margin-top:5%;--awb-flex-wrap:wrap;\" ><div class=\"fusion-builder-row fusion-row\"><div class=\"fusion-layout-column fusion_builder_column fusion-builder-column-0 fusion_builder_column_1_1 1_1 fusion-one-full fusion-column-first fusion-column-last\" style=\"--awb-bg-size:cover;\"><div class=\"fusion-column-wrapper fusion-flex-column-wrapper-legacy\"><div class=\"fusion-title title fusion-title-1 fusion-sep-none fusion-title-center fusion-title-text fusion-title-size-two\"><h2 class=\"fusion-title-heading title-heading-center fusion-responsive-typography-calculated\" style=\"margin:0;--fontSize:24;line-height:1.5;\"><p><span style=\"font-size: 2em;\">Specification scantlings treated<br \/>\n<\/span><\/p><\/h2><\/div><div class=\"fusion-clearfix\"><\/div><\/div><\/div><\/div><\/div><div id=\"listenbauholz\" class=\"fusion-container-anchor\"><div class=\"fusion-fullwidth fullwidth-box fusion-builder-row-2 nonhundred-percent-fullwidth non-hundred-percent-height-scrolling\" style=\"--awb-border-radius-top-left:0px;--awb-border-radius-top-right:0px;--awb-border-radius-bottom-right:0px;--awb-border-radius-bottom-left:0px;--awb-margin-top:5%;--awb-margin-bottom:5%;--awb-flex-wrap:wrap;\" ><div class=\"fusion-builder-row fusion-row\"><div class=\"fusion-layout-column fusion_builder_column fusion-builder-column-1 fusion_builder_column_1_1 1_1 fusion-one-full fusion-column-first fusion-column-last\" style=\"--awb-bg-size:cover;\"><div class=\"fusion-column-wrapper fusion-flex-column-wrapper-legacy\"><div class=\"fusion-clearfix\"><\/div><\/div><\/div><div class=\"fusion-layout-column fusion_builder_column fusion-builder-column-2 fusion_builder_column_1_3 1_3 fusion-one-third fusion-column-first\" style=\"--awb-bg-size:cover;width:33.333333333333%;width:calc(33.333333333333% - ( ( 4% ) * 0.33333333333333 ) );margin-right: 4%;\"><div class=\"fusion-column-wrapper fusion-flex-column-wrapper-legacy\"><div class=\"fusion-image-element in-legacy-container\" style=\"--awb-caption-title-font-family:var(--h2_typography-font-family);--awb-caption-title-font-weight:var(--h2_typography-font-weight);--awb-caption-title-font-style:var(--h2_typography-font-style);--awb-caption-title-size:var(--h2_typography-font-size);--awb-caption-title-transform:var(--h2_typography-text-transform);--awb-caption-title-line-height:var(--h2_typography-line-height);--awb-caption-title-letter-spacing:var(--h2_typography-letter-spacing);\"><span class=\" fusion-imageframe imageframe-none imageframe-1 hover-type-none\"><img decoding=\"async\" width=\"568\" height=\"314\" title=\"Verpackung_Kantholz_Zugnut_Produktseite\" src=\"https:\/\/msholz.de\/wp-content\/uploads\/2018\/06\/Verpackung_Kantholz_Zugnut_Produktseite.jpg\" alt class=\"img-responsive wp-image-2539\" srcset=\"https:\/\/msholz.de\/wp-content\/uploads\/2018\/06\/Verpackung_Kantholz_Zugnut_Produktseite-200x111.jpg 200w, https:\/\/msholz.de\/wp-content\/uploads\/2018\/06\/Verpackung_Kantholz_Zugnut_Produktseite-400x221.jpg 400w, https:\/\/msholz.de\/wp-content\/uploads\/2018\/06\/Verpackung_Kantholz_Zugnut_Produktseite.jpg 568w\" sizes=\"(max-width: 1000px) 100vw, 400px\" \/><\/span><\/div><div class=\"fusion-clearfix\"><\/div><\/div><\/div><div class=\"fusion-layout-column fusion_builder_column fusion-builder-column-3 fusion_builder_column_1_2 1_2 fusion-one-half fusion-column-last\" style=\"--awb-bg-size:cover;width:50%;width:calc(50% - ( ( 4% ) * 0.5 ) );\"><div class=\"fusion-column-wrapper fusion-flex-column-wrapper-legacy\"><div class=\"fusion-text fusion-text-1\"><p><span id=\"result_box\" class=\"\" lang=\"en\"><span title=\"Holzarten: \">Timber:<br \/>\n<\/span><span title=\"Fichte \/ Tanne \/ Kiefer \/ Douglasie \/ L\u00e4rche \/ Eiche \/ Birke \/ Buche \/ Esche \/ Erle \">Spruce \/ Fir \/ Pine \/ Douglas fir \/ Larch \/ Oak \/ Birch \/ Beech \/ Ash \/ Alder<\/span><\/span><\/p>\n<p><span title=\"Dimensionen: \">Dimensions:<br \/>\n<\/span><span title=\"30 x 50 mm bis 360 x 360 mm, individuell nach Kundenwunsch. \">30 x 50 mm to 360 x 360 mm, individually according to customer requirements.<\/span><\/p>\n<p><span title=\"L\u00e4ngen: \">Lengths:<br \/>\n<\/span><span title=\"30 x 50 mm bis 360 x 360 mm, individuell nach Kundenwunsch. \">up from 300 mm, individually according to customer requirements.<\/span><\/p>\n<p><span title=\"Einschnitt: \">Cut:<br \/>\n<\/span><span title=\"Einstielig, mehrstielig je nach Rundholz bzw. Kundenvorgabe. \">Single-cut, multi-cut, depending on round timber or customer specification.<\/span><\/p>\n<p><span title=\"Holzfeuchte: \">Moisture content:<br \/>\n<\/span><span title=\"Frischeinschnitt, Holzfeuchte &gt; 30% \">Freshly cut, wood moisture&gt; 30%<\/span><\/p>\n<p><span title=\"Technische Trocknung: \">Kiln dried:<br \/>\n<\/span><span title=\"18 -20 % HF \">18 -20% HF<\/span><\/p>\n<p><span title=\"Thermische Behandlung: \">Heat treatment:<br \/>\n<\/span><span title=\"Hitzebehandlung gem\u00e4\u00df IPPC Standard ISPM-15 incl. Stempel und Nachweis. \">Heat treatment according to IPPC standard ISPM-15 incl. Stamp and proof.<br \/>\n<\/span><span title=\"&gt;&gt; Ein Stempel auf jedem einzelnen St\u00fcck Holz ist m\u00f6glich &lt;&lt; \">&gt;&gt; A stamp on every single piece of wood is possible &lt;&lt;<\/span><\/p>\n<p><span title=\"Weiterverarbeitung: \">Further processing:<br \/>\n<\/span><span title=\"Vierseitiges Hobeln, egalisieren, einfr\u00e4sen von Nuten, Bohrungen, winkliges kappen (Abbund), keilf\u00f6rmiger Zuschnitt in der L\u00e4nge, Herstellen von Keilen, div. Profilfr\u00e4sungen. \">Four-sided planing, leveling, milling of grooves, holes, angled copings, wedge-shaped cutting in length, making wedges.<br \/>\n<\/span><\/p>\n<p><div class=\"fusion-fullwidth fullwidth-box fusion-builder-row-2-1 nonhundred-percent-fullwidth non-hundred-percent-height-scrolling\" style=\"--awb-border-radius-top-left:0px;--awb-border-radius-top-right:0px;--awb-border-radius-bottom-right:0px;--awb-border-radius-bottom-left:0px;--awb-flex-wrap:wrap;\" ><\/div><div class=\"fusion-builder-row fusion-row\"><\/div><\/p>\n<\/div><div class=\"fusion-clearfix\"><\/div><\/div><\/div><\/div><\/div><\/div><div class=\"fusion-fullwidth fullwidth-box fusion-builder-row-3 nonhundred-percent-fullwidth non-hundred-percent-height-scrolling\" style=\"--awb-border-radius-top-left:0px;--awb-border-radius-top-right:0px;--awb-border-radius-bottom-right:0px;--awb-border-radius-bottom-left:0px;--awb-flex-wrap:wrap;\" ><div class=\"fusion-builder-row fusion-row\"><div class=\"fusion-layout-column fusion_builder_column fusion-builder-column-4 fusion_builder_column_1_1 1_1 fusion-one-full fusion-column-first fusion-column-last\" style=\"--awb-bg-size:cover;--awb-margin-bottom:0px;\"><div class=\"fusion-column-wrapper fusion-flex-column-wrapper-legacy\"><div class=\"fusion-clearfix\"><\/div><\/div><\/div><\/div><\/div><div id=\"anfrage\" class=\"fusion-container-anchor\"><div class=\"fusion-fullwidth fullwidth-box fusion-builder-row-4 fusion-parallax-fixed nonhundred-percent-fullwidth non-hundred-percent-height-scrolling\" style=\"--awb-border-radius-top-left:0px;--awb-border-radius-top-right:0px;--awb-border-radius-bottom-right:0px;--awb-border-radius-bottom-left:0px;--awb-padding-top:2.5%;--awb-padding-bottom:2.5%;--awb-background-image:url(&quot;https:\/\/msholz.de\/wp-content\/uploads\/2018\/05\/anfrage.jpg&quot;);--awb-background-size:cover;--awb-flex-wrap:wrap;background-attachment:fixed;\" ><\/div><\/div>\n<\/p>\n","protected":false},"excerpt":{"rendered":"","protected":false},"author":3,"featured_media":0,"parent":2521,"menu_order":0,"comment_status":"closed","ping_status":"closed","template":"100-width.php","meta":{"footnotes":""},"class_list":["post-2533","page","type-page","status-publish","hentry"],"yoast_head":"<!-- This site is optimized with the Yoast SEO plugin v25.7 - https:\/\/yoast.com\/wordpress\/plugins\/seo\/ -->\n<title>Scantlings treated - MS-Holz GmbH<\/title>\n<meta name=\"robots\" content=\"index, follow, max-snippet:-1, max-image-preview:large, max-video-preview:-1\" \/>\n<link rel=\"canonical\" href=\"https:\/\/msholz.de\/en\/sawn-timber\/timber-for-pallet-and-packing\/scantlings-treated\/\" \/>\n<meta property=\"og:locale\" content=\"en_US\" \/>\n<meta property=\"og:type\" content=\"article\" \/>\n<meta property=\"og:title\" content=\"Scantlings treated - MS-Holz GmbH\" \/>\n<meta property=\"og:url\" content=\"https:\/\/msholz.de\/en\/sawn-timber\/timber-for-pallet-and-packing\/scantlings-treated\/\" \/>\n<meta property=\"og:site_name\" content=\"MS-Holz GmbH\" \/>\n<meta property=\"article:modified_time\" content=\"2018-09-12T11:13:52+00:00\" \/>\n<meta name=\"twitter:card\" content=\"summary_large_image\" \/>\n<meta name=\"twitter:label1\" content=\"Est. reading time\" \/>\n\t<meta name=\"twitter:data1\" content=\"5 minutes\" \/>\n<script type=\"application\/ld+json\" class=\"yoast-schema-graph\">{\"@context\":\"https:\/\/schema.org\",\"@graph\":[{\"@type\":\"WebPage\",\"@id\":\"https:\/\/msholz.de\/en\/sawn-timber\/timber-for-pallet-and-packing\/scantlings-treated\/\",\"url\":\"https:\/\/msholz.de\/en\/sawn-timber\/timber-for-pallet-and-packing\/scantlings-treated\/\",\"name\":\"Scantlings treated - MS-Holz GmbH\",\"isPartOf\":{\"@id\":\"https:\/\/msholz.de\/#website\"},\"datePublished\":\"2018-09-10T10:36:04+00:00\",\"dateModified\":\"2018-09-12T11:13:52+00:00\",\"breadcrumb\":{\"@id\":\"https:\/\/msholz.de\/en\/sawn-timber\/timber-for-pallet-and-packing\/scantlings-treated\/#breadcrumb\"},\"inLanguage\":\"en-US\",\"potentialAction\":[{\"@type\":\"ReadAction\",\"target\":[\"https:\/\/msholz.de\/en\/sawn-timber\/timber-for-pallet-and-packing\/scantlings-treated\/\"]}]},{\"@type\":\"BreadcrumbList\",\"@id\":\"https:\/\/msholz.de\/en\/sawn-timber\/timber-for-pallet-and-packing\/scantlings-treated\/#breadcrumb\",\"itemListElement\":[{\"@type\":\"ListItem\",\"position\":1,\"name\":\"Startseite\",\"item\":\"https:\/\/msholz.de\/en\/\"},{\"@type\":\"ListItem\",\"position\":2,\"name\":\"Sawn timber\",\"item\":\"https:\/\/msholz.de\/en\/sawn-timber\/\"},{\"@type\":\"ListItem\",\"position\":3,\"name\":\"Timber for pallet and packing\",\"item\":\"https:\/\/msholz.de\/en\/sawn-timber\/timber-for-pallet-and-packing\/\"},{\"@type\":\"ListItem\",\"position\":4,\"name\":\"Scantlings treated\"}]},{\"@type\":\"WebSite\",\"@id\":\"https:\/\/msholz.de\/#website\",\"url\":\"https:\/\/msholz.de\/\",\"name\":\"MS-Holz GmbH\",\"description\":\"Holzagentur &amp; Holzhandel seit 1993\",\"potentialAction\":[{\"@type\":\"SearchAction\",\"target\":{\"@type\":\"EntryPoint\",\"urlTemplate\":\"https:\/\/msholz.de\/?s={search_term_string}\"},\"query-input\":{\"@type\":\"PropertyValueSpecification\",\"valueRequired\":true,\"valueName\":\"search_term_string\"}}],\"inLanguage\":\"en-US\"}]}<\/script>\n<!-- \/ Yoast SEO plugin. -->","yoast_head_json":{"title":"Scantlings treated - MS-Holz GmbH","robots":{"index":"index","follow":"follow","max-snippet":"max-snippet:-1","max-image-preview":"max-image-preview:large","max-video-preview":"max-video-preview:-1"},"canonical":"https:\/\/msholz.de\/en\/sawn-timber\/timber-for-pallet-and-packing\/scantlings-treated\/","og_locale":"en_US","og_type":"article","og_title":"Scantlings treated - MS-Holz GmbH","og_url":"https:\/\/msholz.de\/en\/sawn-timber\/timber-for-pallet-and-packing\/scantlings-treated\/","og_site_name":"MS-Holz GmbH","article_modified_time":"2018-09-12T11:13:52+00:00","twitter_card":"summary_large_image","twitter_misc":{"Est. reading time":"5 minutes"},"schema":{"@context":"https:\/\/schema.org","@graph":[{"@type":"WebPage","@id":"https:\/\/msholz.de\/en\/sawn-timber\/timber-for-pallet-and-packing\/scantlings-treated\/","url":"https:\/\/msholz.de\/en\/sawn-timber\/timber-for-pallet-and-packing\/scantlings-treated\/","name":"Scantlings treated - MS-Holz GmbH","isPartOf":{"@id":"https:\/\/msholz.de\/#website"},"datePublished":"2018-09-10T10:36:04+00:00","dateModified":"2018-09-12T11:13:52+00:00","breadcrumb":{"@id":"https:\/\/msholz.de\/en\/sawn-timber\/timber-for-pallet-and-packing\/scantlings-treated\/#breadcrumb"},"inLanguage":"en-US","potentialAction":[{"@type":"ReadAction","target":["https:\/\/msholz.de\/en\/sawn-timber\/timber-for-pallet-and-packing\/scantlings-treated\/"]}]},{"@type":"BreadcrumbList","@id":"https:\/\/msholz.de\/en\/sawn-timber\/timber-for-pallet-and-packing\/scantlings-treated\/#breadcrumb","itemListElement":[{"@type":"ListItem","position":1,"name":"Startseite","item":"https:\/\/msholz.de\/en\/"},{"@type":"ListItem","position":2,"name":"Sawn timber","item":"https:\/\/msholz.de\/en\/sawn-timber\/"},{"@type":"ListItem","position":3,"name":"Timber for pallet and packing","item":"https:\/\/msholz.de\/en\/sawn-timber\/timber-for-pallet-and-packing\/"},{"@type":"ListItem","position":4,"name":"Scantlings treated"}]},{"@type":"WebSite","@id":"https:\/\/msholz.de\/#website","url":"https:\/\/msholz.de\/","name":"MS-Holz GmbH","description":"Holzagentur &amp; Holzhandel seit 1993","potentialAction":[{"@type":"SearchAction","target":{"@type":"EntryPoint","urlTemplate":"https:\/\/msholz.de\/?s={search_term_string}"},"query-input":{"@type":"PropertyValueSpecification","valueRequired":true,"valueName":"search_term_string"}}],"inLanguage":"en-US"}]}},"_links":{"self":[{"href":"https:\/\/msholz.de\/en\/wp-json\/wp\/v2\/pages\/2533","targetHints":{"allow":["GET"]}}],"collection":[{"href":"https:\/\/msholz.de\/en\/wp-json\/wp\/v2\/pages"}],"about":[{"href":"https:\/\/msholz.de\/en\/wp-json\/wp\/v2\/types\/page"}],"author":[{"embeddable":true,"href":"https:\/\/msholz.de\/en\/wp-json\/wp\/v2\/users\/3"}],"replies":[{"embeddable":true,"href":"https:\/\/msholz.de\/en\/wp-json\/wp\/v2\/comments?post=2533"}],"version-history":[{"count":3,"href":"https:\/\/msholz.de\/en\/wp-json\/wp\/v2\/pages\/2533\/revisions"}],"predecessor-version":[{"id":2614,"href":"https:\/\/msholz.de\/en\/wp-json\/wp\/v2\/pages\/2533\/revisions\/2614"}],"up":[{"embeddable":true,"href":"https:\/\/msholz.de\/en\/wp-json\/wp\/v2\/pages\/2521"}],"wp:attachment":[{"href":"https:\/\/msholz.de\/en\/wp-json\/wp\/v2\/media?parent=2533"}],"curies":[{"name":"wp","href":"https:\/\/api.w.org\/{rel}","templated":true}]}}